{"id":17497,"date":"2021-09-01T12:25:21","date_gmt":"2021-09-01T10:25:21","guid":{"rendered":"https:\/\/www.frensch.de\/product\/f-120-1\/"},"modified":"2023-10-20T14:36:42","modified_gmt":"2023-10-20T12:36:42","slug":"f-120-led","status":"publish","type":"product","link":"https:\/\/www.frensch.de\/en\/product\/f-120-led\/","title":{"rendered":"F-120 LED"},"content":{"rendered":"","protected":false},"excerpt":{"rendered":"<p>The F-120 LED profile system light \u2013 the optimal solution for versatile lighting requirements. This state-of-the-art luminaire combines innovative technology with intelligent design to offer outstanding performance and adaptability in various scenarios.<\/p>\n<p>Whether used as an interior or reading light in emergency vehicles, service vehicles, motorhomes, or workshop vans, the F-120 LED is versatile. Its flexible operating voltage of 12 and 24 volts makes it the ideal choice for a variety of vehicles and work environments.<\/p>\n<p>With a luminous flux of 800 lumens, the F-120 provides optimal illumination for your workspace. Thanks to its impressive brightness, the F-120 is particularly suitable for demanding tasks that require precise lighting.<\/p>\n<p>The F-120 LED naturally possesses E-certification and is available in various light colors and versions. Its dual-voltage circuit automatically detects the voltage and adjusts to 12 or 24 volts. Available in two lengths of 350 mm (F-120.1) or 648 mm (F-120.2). For variants with door contact switches or special connectors, please inquire separately.<\/p>\n<p>Die F-120 LED besitzt nat\u00fcrlich eine E-Zertifizierung und ist in verschiedenen Lichtfarben und Ausf\u00fchrungen erh\u00e4ltlich. Ihre Dualvolt-Schaltung erkennt automatisch welche Leistung anliegt und regelt automatisch auf 12 oder 24 Volt. Erh\u00e4ltlich in zwei L\u00e4ngen von 350 mm (F-120.1) oder in 648 mm (F-120.2). Varianten mit T\u00fcrkontaktschalter oder speziellem Stecker bitte gesondert anfragen.<\/p>\n","protected":false},"featured_media":17883,"template":"","meta":{"rank_math_lock_modified_date":false},"product_cat":[340,311,328],"product_tag":[],"class_list":{"0":"post-17497","1":"product","2":"type-product","3":"status-publish","4":"has-post-thumbnail","6":"product_cat-profile-systems","7":"product_cat-strip-lights","8":"product_cat-surface-mounted","10":"first","11":"instock","12":"shipping-taxable","13":"product-type-variable_request"},"_links":{"self":[{"href":"https:\/\/www.frensch.de\/en\/wp-json\/wp\/v2\/product\/17497"}],"collection":[{"href":"https:\/\/www.frensch.de\/en\/wp-json\/wp\/v2\/product"}],"about":[{"href":"https:\/\/www.frensch.de\/en\/wp-json\/wp\/v2\/types\/product"}],"wp:featuredmedia":[{"embeddable":true,"href":"https:\/\/www.frensch.de\/en\/wp-json\/wp\/v2\/media\/17883"}],"wp:attachment":[{"href":"https:\/\/www.frensch.de\/en\/wp-json\/wp\/v2\/media?parent=17497"}],"wp:term":[{"taxonomy":"product_cat","embeddable":true,"href":"https:\/\/www.frensch.de\/en\/wp-json\/wp\/v2\/product_cat?post=17497"},{"taxonomy":"product_tag","embeddable":true,"href":"https:\/\/www.frensch.de\/en\/wp-json\/wp\/v2\/product_tag?post=17497"}],"curies":[{"name":"wp","href":"https:\/\/api.w.org\/{rel}","templated":true}]}}